{"id":355,"date":"2014-11-13T09:58:35","date_gmt":"2014-11-13T08:58:35","guid":{"rendered":"https:\/\/www.laserskirazreztisma.com\/?page_id=355"},"modified":"2014-11-13T09:58:35","modified_gmt":"2014-11-13T08:58:35","slug":"terms-conditions","status":"publish","type":"page","link":"https:\/\/www.laserskirazreztisma.com\/en\/terms-conditions\/","title":{"rendered":"Terms &#038; Conditions"},"content":{"rendered":"<div class=\"wpb-content-wrapper\"><p>[vc_row][vc_column width=&#8221;1\/1&#8243;][vc_column_text]<\/p>\n<h3>Pravna podlaga<\/h3>\n<p>Podlaga za obvestilo o pi\u0161kotkih je spremenjen Zakon o elektronskih komunikacijah (Uradni list \u0161t. 109\/2012; na kratko ZEKom-1), ki je za\u010del veljati v za\u010detku leta 2013 in je prinesel nova pravila glede uporabe pi\u0161kotkov in podobnih tehnologij za shranjevanje informacij ali dostop do informacij, shranjenih na ra\u010dunalniku ali mobilni napravi uporabnika.[\/vc_column_text]<div class=\"gap\" style=\"line-height: 30px; height: 30px;\"><\/div>[vc_column_text]<\/p>\n<h3>Katere pi\u0161kotke lahko uporablja ta spletna stran<\/h3>\n<p>&nbsp;<\/p>\n<table>\n<thead>\n<tr>\n<th>Ime pi\u0161kotka<\/th>\n<th>Namen<\/th>\n<th>Trajanje<\/th>\n<\/tr>\n<\/thead>\n<tfoot><\/tfoot>\n<tbody>\n<tr>\n<td>__utma<\/td>\n<td>Zabele\u017ei razlikovanje med uporabniki (sejami).<\/td>\n<td>2 leti<\/td>\n<\/tr>\n<tr>\n<td>__utmb<\/td>\n<td>Zabele\u017ei novega uporabnika (sejo).<\/td>\n<td>30 minut<\/td>\n<\/tr>\n<tr>\n<td>__utmz<\/td>\n<td>Dolo\u010da vir prometa ali ogla\u0161evalsko akcijo.<\/td>\n<td>6 mesecev<\/td>\n<\/tr>\n<tr>\n<td>__utmc<\/td>\n<td>Statistika ogledov spletne strani.<\/td>\n<td>Seja<\/td>\n<\/tr>\n<tr>\n<td>civicCookieControl<\/td>\n<td>Bele\u017ei shranjevanje pi\u0161kotkov<\/td>\n<td>3 mesece<\/td>\n<\/tr>\n<tr>\n<td>_icl_current_language<\/td>\n<td>Bele\u017ei\u00a0izbran jezik na spletni strani<\/td>\n<td>24 ur<\/td>\n<\/tr>\n<\/tbody>\n<\/table>\n<p>[\/vc_column_text][\/vc_column][\/vc_row]<\/p>\n<\/div>","protected":false},"excerpt":{"rendered":"<p>[vc_row][vc_column width=&#8221;1\/1&#8243;][vc_column_text] Pravna podlaga Podlaga za obvestilo o pi\u0161kotkih je spremenjen Zakon o elektronskih komunikacijah (Uradni list \u0161t. 109\/2012; na kratko ZEKom-1), ki je za\u010del veljati v za\u010detku leta 2013 in je prinesel nova pravila glede uporabe pi\u0161kotkov in podobnih tehnologij za shranjevanje informacij ali dostop do informacij, shranjenih na ra\u010dunalniku ali mobilni napravi uporabnika.[\/vc_column_text][vc_column_text]&hellip;<\/p>\n","protected":false},"author":2,"featured_media":0,"parent":0,"menu_order":0,"comment_status":"closed","ping_status":"closed","template":"","meta":{"footnotes":""},"_links":{"self":[{"href":"https:\/\/www.laserskirazreztisma.com\/en\/wp-json\/wp\/v2\/pages\/355"}],"collection":[{"href":"https:\/\/www.laserskirazreztisma.com\/en\/wp-json\/wp\/v2\/pages"}],"about":[{"href":"https:\/\/www.laserskirazreztisma.com\/en\/wp-json\/wp\/v2\/types\/page"}],"author":[{"embeddable":true,"href":"https:\/\/www.laserskirazreztisma.com\/en\/wp-json\/wp\/v2\/users\/2"}],"replies":[{"embeddable":true,"href":"https:\/\/www.laserskirazreztisma.com\/en\/wp-json\/wp\/v2\/comments?post=355"}],"version-history":[{"count":1,"href":"https:\/\/www.laserskirazreztisma.com\/en\/wp-json\/wp\/v2\/pages\/355\/revisions"}],"predecessor-version":[{"id":357,"href":"https:\/\/www.laserskirazreztisma.com\/en\/wp-json\/wp\/v2\/pages\/355\/revisions\/357"}],"wp:attachment":[{"href":"https:\/\/www.laserskirazreztisma.com\/en\/wp-json\/wp\/v2\/media?parent=355"}],"curies":[{"name":"wp","href":"https:\/\/api.w.org\/{rel}","templated":true}]}}