{"id":317,"date":"2014-11-12T14:17:27","date_gmt":"2014-11-12T13:17:27","guid":{"rendered":"https:\/\/www.laserskirazreztisma.com\/?page_id=317"},"modified":"2014-11-12T14:17:27","modified_gmt":"2014-11-12T13:17:27","slug":"geschaftsbedingungen","status":"publish","type":"page","link":"https:\/\/www.laserskirazreztisma.com\/de\/geschaftsbedingungen\/","title":{"rendered":"Gesch\u00e4ftsbedingungen"},"content":{"rendered":"<div class=\"wpb-content-wrapper\"><p>[vc_row][vc_column width=&#8220;1\/1&#8243;][vc_column_text]<\/p>\n<h3>Rechtsgrundlage<\/h3>\n<p>Die Grundlage f\u00fcr die Medlung \u00fcber die Verwendung von Cookies ist die \u00c4nderung des Gesetzes \u00fcber elektronische Kommunikationen (Gesetzblatt der RS, Nr. 109\/2012; kurz ZEKom-1), das Anfang 2013 in Kraft trat und brachte neue Vorschriften \u00fcber die Anwendung von Cookies und \u00e4hnlichen Technologien zur Speicherung von Informationen oder Zugriff auf Informationen, die auf einem Computer oder mobilen Anlagen des Benutzers gespeichert werden.[\/vc_column_text]<div class=\"gap\" style=\"line-height: 30px; height: 30px;\"><\/div>[vc_column_text]<\/p>\n<h3>Welche Cookies k\u00f6nnen auf dieser Website verwendet werden<\/h3>\n<p>&nbsp;<\/p>\n<table>\n<thead>\n<tr>\n<th>Cookie Name<\/th>\n<th>Absicht<\/th>\n<th>Dauer<\/th>\n<\/tr>\n<\/thead>\n<tfoot><\/tfoot>\n<tbody>\n<tr>\n<td>__utma<\/td>\n<td>Aufnahme des Unterschieds zwischen den Benutzern \u00a0(Sitzungen).<\/td>\n<td>2\u00a0Jahre<\/td>\n<\/tr>\n<tr>\n<td>__utmb<\/td>\n<td>Aufnahme eines neuen Benutzers (Sitzung).<\/td>\n<td>30 Minuten<\/td>\n<\/tr>\n<tr>\n<td>__utmz<\/td>\n<td>Angabe der Verkehersquelle oder Kampagne.<\/td>\n<td>6 Monate<\/td>\n<\/tr>\n<tr>\n<td>__utmc<\/td>\n<td>Statistik der Website-Besuche.<\/td>\n<td>Sitzung<\/td>\n<\/tr>\n<tr>\n<td>civicCookieControl<\/td>\n<td>Erfassen der Speicherung von Cookies.<\/td>\n<td>3 Monate<\/td>\n<\/tr>\n<tr>\n<td>_icl_current_language<\/td>\n<td>Erfassen der gew\u00e4hlten Sprache auf der Website.<\/td>\n<td>24 Stunden<\/td>\n<\/tr>\n<\/tbody>\n<\/table>\n<p>[\/vc_column_text][\/vc_column][\/vc_row]<\/p>\n<\/div>","protected":false},"excerpt":{"rendered":"<p>[vc_row][vc_column width=&#8220;1\/1&#8243;][vc_column_text] Rechtsgrundlage Die Grundlage f\u00fcr die Medlung \u00fcber die Verwendung von Cookies ist die \u00c4nderung des Gesetzes \u00fcber elektronische Kommunikationen (Gesetzblatt der RS, Nr. 109\/2012; kurz ZEKom-1), das Anfang 2013 in Kraft trat und brachte neue Vorschriften \u00fcber die Anwendung von Cookies und \u00e4hnlichen Technologien zur Speicherung von Informationen oder Zugriff auf Informationen, die&hellip;<\/p>\n","protected":false},"author":2,"featured_media":0,"parent":0,"menu_order":0,"comment_status":"closed","ping_status":"closed","template":"","meta":{"footnotes":""},"_links":{"self":[{"href":"https:\/\/www.laserskirazreztisma.com\/de\/wp-json\/wp\/v2\/pages\/317"}],"collection":[{"href":"https:\/\/www.laserskirazreztisma.com\/de\/wp-json\/wp\/v2\/pages"}],"about":[{"href":"https:\/\/www.laserskirazreztisma.com\/de\/wp-json\/wp\/v2\/types\/page"}],"author":[{"embeddable":true,"href":"https:\/\/www.laserskirazreztisma.com\/de\/wp-json\/wp\/v2\/users\/2"}],"replies":[{"embeddable":true,"href":"https:\/\/www.laserskirazreztisma.com\/de\/wp-json\/wp\/v2\/comments?post=317"}],"version-history":[{"count":1,"href":"https:\/\/www.laserskirazreztisma.com\/de\/wp-json\/wp\/v2\/pages\/317\/revisions"}],"predecessor-version":[{"id":318,"href":"https:\/\/www.laserskirazreztisma.com\/de\/wp-json\/wp\/v2\/pages\/317\/revisions\/318"}],"wp:attachment":[{"href":"https:\/\/www.laserskirazreztisma.com\/de\/wp-json\/wp\/v2\/media?parent=317"}],"curies":[{"name":"wp","href":"https:\/\/api.w.org\/{rel}","templated":true}]}}