{"id":309,"date":"2014-11-12T14:10:13","date_gmt":"2014-11-12T13:10:13","guid":{"rendered":"https:\/\/www.laserskirazreztisma.com\/?page_id=309"},"modified":"2014-11-12T14:10:13","modified_gmt":"2014-11-12T13:10:13","slug":"verbinden","status":"publish","type":"page","link":"https:\/\/www.laserskirazreztisma.com\/de\/leistungen\/verbinden\/","title":{"rendered":"Verbinden"},"content":{"rendered":"<div class=\"wpb-content-wrapper\"><p>[vc_row][vc_column width=&#8220;1\/2&#8243;][vc_column_text]Aufgrund Ihrer Anforderungen und der erwarteten Produkteigenschaften f\u00fchren wir folgende Verbindungsverfahren durch:<\/p>\n<ul>\n<li>MIG, MAG, TIG Schwei\u00dfen<\/li>\n<li>Punktschwei\u00dfen<\/li>\n<li>Weich- und Hartl\u00f6ten<\/li>\n<li>mechanische Verbindungsverfahren (vernieten, verschrauben, pr\u00e4gen, \u2026)<\/li>\n<\/ul>\n<p>[\/vc_column_text][\/vc_column][vc_column width=&#8220;1\/2&#8243;][vc_column_text]<\/p>\n\n\t\t\t<style type='text\/css'>\n\t\t\t\t#gallery-1 {\n\t\t\t\t\tmargin: auto;\n\t\t\t\t}\n\t\t\t\t#gallery-1 .gallery-item {\n\t\t\t\t\tfloat: left;\n\t\t\t\t\tmargin-top: 10px;\n\t\t\t\t\ttext-align: center;\n\t\t\t\t\twidth: 50%;\n\t\t\t\t}\n\t\t\t\t#gallery-1 img {\n\t\t\t\t\tborder: 2px solid #cfcfcf;\n\t\t\t\t}\n\t\t\t\t#gallery-1 .gallery-caption {\n\t\t\t\t\tmargin-left: 0;\n\t\t\t\t}\n\t\t\t\t\/* see gallery_shortcode() in wp-includes\/media.php *\/\n\t\t\t<\/style>\n\t\t<div id='gallery-1' class='dt-gallery-container gallery galleryid-309 gallery-columns-2 gallery-size-thumbnail'><dl class='gallery-item'>\n\t\t\t\t<dt class='gallery-icon landscape'>\n\t\t\t\t\t<a class=\"rollover rollover-zoom dt-pswp-item\" title=\"varjenje (2)\" data-dt-img-description=\"\" data-large_image_width=\"700\" data-large_image_height=\"467\"href='https:\/\/www.laserskirazreztisma.com\/wp-content\/uploads\/2014\/09\/varjenje-2.jpg'><img width=\"150\" height=\"150\" src=\"https:\/\/www.laserskirazreztisma.com\/wp-content\/uploads\/2014\/09\/varjenje-2-150x150.jpg\" class=\"attachment-thumbnail size-thumbnail\" alt=\"\" decoding=\"async\" loading=\"lazy\" \/><\/a>\n\t\t\t\t<\/dt><\/dl><dl class='gallery-item'>\n\t\t\t\t<dt class='gallery-icon landscape'>\n\t\t\t\t\t<a class=\"rollover rollover-zoom dt-pswp-item\" title=\"varjenje (1)\" data-dt-img-description=\"\" data-large_image_width=\"3648\" data-large_image_height=\"2736\"href='https:\/\/www.laserskirazreztisma.com\/wp-content\/uploads\/2014\/09\/varjenje-1.jpg'><img width=\"150\" height=\"150\" src=\"https:\/\/www.laserskirazreztisma.com\/wp-content\/uploads\/2014\/09\/varjenje-1-150x150.jpg\" class=\"attachment-thumbnail size-thumbnail\" alt=\"\" decoding=\"async\" loading=\"lazy\" \/><\/a>\n\t\t\t\t<\/dt><\/dl><br style=\"clear: both\" \/>\n\t\t\t<\/div>\n\n<p>[\/vc_column_text][\/vc_column][\/vc_row]<\/p>\n<\/div>","protected":false},"excerpt":{"rendered":"<p>[vc_row][vc_column width=&#8220;1\/2&#8243;][vc_column_text]Aufgrund Ihrer Anforderungen und der erwarteten Produkteigenschaften f\u00fchren wir folgende Verbindungsverfahren durch: MIG, MAG, TIG Schwei\u00dfen Punktschwei\u00dfen Weich- und Hartl\u00f6ten mechanische Verbindungsverfahren (vernieten, verschrauben, pr\u00e4gen, \u2026) [\/vc_column_text][\/vc_column][vc_column width=&#8220;1\/2&#8243;][vc_column_text] [\/vc_column_text][\/vc_column][\/vc_row]<\/p>\n","protected":false},"author":2,"featured_media":0,"parent":291,"menu_order":0,"comment_status":"closed","ping_status":"closed","template":"","meta":{"footnotes":""},"_links":{"self":[{"href":"https:\/\/www.laserskirazreztisma.com\/de\/wp-json\/wp\/v2\/pages\/309"}],"collection":[{"href":"https:\/\/www.laserskirazreztisma.com\/de\/wp-json\/wp\/v2\/pages"}],"about":[{"href":"https:\/\/www.laserskirazreztisma.com\/de\/wp-json\/wp\/v2\/types\/page"}],"author":[{"embeddable":true,"href":"https:\/\/www.laserskirazreztisma.com\/de\/wp-json\/wp\/v2\/users\/2"}],"replies":[{"embeddable":true,"href":"https:\/\/www.laserskirazreztisma.com\/de\/wp-json\/wp\/v2\/comments?post=309"}],"version-history":[{"count":1,"href":"https:\/\/www.laserskirazreztisma.com\/de\/wp-json\/wp\/v2\/pages\/309\/revisions"}],"predecessor-version":[{"id":310,"href":"https:\/\/www.laserskirazreztisma.com\/de\/wp-json\/wp\/v2\/pages\/309\/revisions\/310"}],"up":[{"embeddable":true,"href":"https:\/\/www.laserskirazreztisma.com\/de\/wp-json\/wp\/v2\/pages\/291"}],"wp:attachment":[{"href":"https:\/\/www.laserskirazreztisma.com\/de\/wp-json\/wp\/v2\/media?parent=309"}],"curies":[{"name":"wp","href":"https:\/\/api.w.org\/{rel}","templated":true}]}}