{"id":306,"date":"2014-11-12T14:08:26","date_gmt":"2014-11-12T13:08:26","guid":{"rendered":"https:\/\/www.laserskirazreztisma.com\/?page_id=306"},"modified":"2014-11-12T14:08:33","modified_gmt":"2014-11-12T13:08:33","slug":"biegen","status":"publish","type":"page","link":"https:\/\/www.laserskirazreztisma.com\/de\/leistungen\/biegen\/","title":{"rendered":"Biegen"},"content":{"rendered":"<div class=\"wpb-content-wrapper\"><p>[vc_row][vc_column width=&#8220;1\/2&#8243;][vc_column_text]Mit modernen Biegemaschinen von <strong>TRUMPF, THALMAN und AMADA<\/strong> fertigen wir Teile von bis zu 8.200 mm an. Sieben programmierbare Achsen erm\u00f6glichen die pr\u00e4zise Fertigung von anspruchsvollsten Teilen in extrem kurzer Zeit. Das integrierte System f\u00fcr automatisches Messen und Regeln des Biegewinkels w\u00e4hrend des Prozesses gew\u00e4hrleistet schon beim ersten Erzeugnis gr\u00f6\u00dfte Genauigkeit, unabh\u00e4ngig von Material oder Qualit\u00e4t. Eine gro\u00dfe Auswahl von austauschbaren Biegewerkzeugen erweitert noch zus\u00e4tzlich den Produktionsumfang. Wesentliche Vorteile unserer Biegemaschinen sind:<\/p>\n<ul>\n<li>gr\u00f6\u00dfte Ma\u00dfgenauigkeit,<\/li>\n<li>gr\u00f6\u00dfte Biegewinkelgenauigkeit,<\/li>\n<li>unabh\u00e4ngig von Material und Qualit\u00e4t<\/li>\n<li>h\u00f6chstm\u00f6gliche Wiederholgenauigkeit (identische Erzeugnisse)<\/li>\n<li>Ihr Erzeugnis wird in unsere Datenbank aufgenommen und darin gespeichert (zeitsparende Herstellung bei wiederholter Bestellung)<\/li>\n<\/ul>\n<p>[\/vc_column_text][\/vc_column][vc_column width=&#8220;1\/2&#8243;][vc_column_text]<\/p>\n\n\t\t\t<style type='text\/css'>\n\t\t\t\t#gallery-1 {\n\t\t\t\t\tmargin: auto;\n\t\t\t\t}\n\t\t\t\t#gallery-1 .gallery-item {\n\t\t\t\t\tfloat: left;\n\t\t\t\t\tmargin-top: 10px;\n\t\t\t\t\ttext-align: center;\n\t\t\t\t\twidth: 50%;\n\t\t\t\t}\n\t\t\t\t#gallery-1 img {\n\t\t\t\t\tborder: 2px solid #cfcfcf;\n\t\t\t\t}\n\t\t\t\t#gallery-1 .gallery-caption {\n\t\t\t\t\tmargin-left: 0;\n\t\t\t\t}\n\t\t\t\t\/* see gallery_shortcode() in wp-includes\/media.php *\/\n\t\t\t<\/style>\n\t\t<div id='gallery-1' class='dt-gallery-container gallery galleryid-306 gallery-columns-2 gallery-size-thumbnail'><dl class='gallery-item'>\n\t\t\t\t<dt class='gallery-icon landscape'>\n\t\t\t\t\t<a class=\"rollover rollover-zoom dt-pswp-item\" title=\"upogibanje-materiala (4)\" data-dt-img-description=\"\" data-large_image_width=\"590\" data-large_image_height=\"400\"href='https:\/\/www.laserskirazreztisma.com\/wp-content\/uploads\/2014\/09\/upogibanje-materiala-4.jpg'><img width=\"150\" height=\"150\" src=\"https:\/\/www.laserskirazreztisma.com\/wp-content\/uploads\/2014\/09\/upogibanje-materiala-4-150x150.jpg\" class=\"attachment-thumbnail size-thumbnail\" alt=\"\" decoding=\"async\" loading=\"lazy\" \/><\/a>\n\t\t\t\t<\/dt><\/dl><dl class='gallery-item'>\n\t\t\t\t<dt class='gallery-icon landscape'>\n\t\t\t\t\t<a class=\"rollover rollover-zoom dt-pswp-item\" title=\"upogibanje-materiala (1)\" data-dt-img-description=\"\" data-large_image_width=\"590\" data-large_image_height=\"400\"href='https:\/\/www.laserskirazreztisma.com\/wp-content\/uploads\/2014\/09\/upogibanje-materiala-1.jpg'><img width=\"150\" height=\"150\" src=\"https:\/\/www.laserskirazreztisma.com\/wp-content\/uploads\/2014\/09\/upogibanje-materiala-1-150x150.jpg\" class=\"attachment-thumbnail size-thumbnail\" alt=\"\" decoding=\"async\" aria-describedby=\"gallery-1-581\" loading=\"lazy\" \/><\/a>\n\t\t\t\t<\/dt>\n\t\t\t\t\t<dd class='wp-caption-text gallery-caption' id='gallery-1-581'>\n\t\t\t\t\tLaserski razrez Ti\u0161ma\n\t\t\t\t\t<\/dd><\/dl><br style=\"clear: both\" \/><dl class='gallery-item'>\n\t\t\t\t<dt class='gallery-icon landscape'>\n\t\t\t\t\t<a class=\"rollover rollover-zoom dt-pswp-item\" title=\"upogibanje-materiala (2)\" data-dt-img-description=\"\" data-large_image_width=\"590\" data-large_image_height=\"400\"href='https:\/\/www.laserskirazreztisma.com\/wp-content\/uploads\/2014\/09\/upogibanje-materiala-2.jpg'><img width=\"150\" height=\"150\" src=\"https:\/\/www.laserskirazreztisma.com\/wp-content\/uploads\/2014\/09\/upogibanje-materiala-2-150x150.jpg\" class=\"attachment-thumbnail size-thumbnail\" alt=\"\" decoding=\"async\" aria-describedby=\"gallery-1-583\" loading=\"lazy\" \/><\/a>\n\t\t\t\t<\/dt>\n\t\t\t\t\t<dd class='wp-caption-text gallery-caption' id='gallery-1-583'>\n\t\t\t\t\tLaserski razrez Ti\u0161ma\n\t\t\t\t\t<\/dd><\/dl><dl class='gallery-item'>\n\t\t\t\t<dt class='gallery-icon landscape'>\n\t\t\t\t\t<a class=\"rollover rollover-zoom dt-pswp-item\" title=\"upogibanje-materiala (3)\" data-dt-img-description=\"\" data-large_image_width=\"700\" data-large_image_height=\"467\"href='https:\/\/www.laserskirazreztisma.com\/wp-content\/uploads\/2014\/09\/upogibanje-materiala-3.jpg'><img width=\"150\" height=\"150\" src=\"https:\/\/www.laserskirazreztisma.com\/wp-content\/uploads\/2014\/09\/upogibanje-materiala-3-150x150.jpg\" class=\"attachment-thumbnail size-thumbnail\" alt=\"\" decoding=\"async\" loading=\"lazy\" \/><\/a>\n\t\t\t\t<\/dt><\/dl><br style=\"clear: both\" \/>\n\t\t\t<\/div>\n\n<p>[\/vc_column_text][\/vc_column][\/vc_row]<\/p>\n<\/div>","protected":false},"excerpt":{"rendered":"<p>[vc_row][vc_column width=&#8220;1\/2&#8243;][vc_column_text]Mit modernen Biegemaschinen von TRUMPF, THALMAN und AMADA fertigen wir Teile von bis zu 8.200 mm an. Sieben programmierbare Achsen erm\u00f6glichen die pr\u00e4zise Fertigung von anspruchsvollsten Teilen in extrem kurzer Zeit. Das integrierte System f\u00fcr automatisches Messen und Regeln des Biegewinkels w\u00e4hrend des Prozesses gew\u00e4hrleistet schon beim ersten Erzeugnis gr\u00f6\u00dfte Genauigkeit, unabh\u00e4ngig von Material&hellip;<\/p>\n","protected":false},"author":2,"featured_media":0,"parent":291,"menu_order":0,"comment_status":"closed","ping_status":"closed","template":"","meta":{"footnotes":""},"_links":{"self":[{"href":"https:\/\/www.laserskirazreztisma.com\/de\/wp-json\/wp\/v2\/pages\/306"}],"collection":[{"href":"https:\/\/www.laserskirazreztisma.com\/de\/wp-json\/wp\/v2\/pages"}],"about":[{"href":"https:\/\/www.laserskirazreztisma.com\/de\/wp-json\/wp\/v2\/types\/page"}],"author":[{"embeddable":true,"href":"https:\/\/www.laserskirazreztisma.com\/de\/wp-json\/wp\/v2\/users\/2"}],"replies":[{"embeddable":true,"href":"https:\/\/www.laserskirazreztisma.com\/de\/wp-json\/wp\/v2\/comments?post=306"}],"version-history":[{"count":1,"href":"https:\/\/www.laserskirazreztisma.com\/de\/wp-json\/wp\/v2\/pages\/306\/revisions"}],"predecessor-version":[{"id":307,"href":"https:\/\/www.laserskirazreztisma.com\/de\/wp-json\/wp\/v2\/pages\/306\/revisions\/307"}],"up":[{"embeddable":true,"href":"https:\/\/www.laserskirazreztisma.com\/de\/wp-json\/wp\/v2\/pages\/291"}],"wp:attachment":[{"href":"https:\/\/www.laserskirazreztisma.com\/de\/wp-json\/wp\/v2\/media?parent=306"}],"curies":[{"name":"wp","href":"https:\/\/api.w.org\/{rel}","templated":true}]}}