{"id":301,"date":"2014-11-12T14:03:08","date_gmt":"2014-11-12T13:03:08","guid":{"rendered":"https:\/\/www.laserskirazreztisma.com\/?page_id=301"},"modified":"2015-04-10T09:10:34","modified_gmt":"2015-04-10T07:10:34","slug":"messungen-im-laserschneiden-von-blechen","status":"publish","type":"page","link":"https:\/\/www.laserskirazreztisma.com\/de\/leistungen\/messungen-im-laserschneiden-von-blechen\/","title":{"rendered":"Messungen im Laserschneiden von Blechen"},"content":{"rendered":"<div class=\"wpb-content-wrapper\"><p>[vc_row][vc_column width=&#8220;2\/3&#8243;][vc_column_text]Wir bieten unseren Kunden auch optische 3D-Messungen an, um sich von der Schnittqualit\u00e4t zu \u00fcberzeugen. Nach Kundenwunsch f\u00fchren wir eine Messung durch und stellen ein Protokoll des zugeschnittenen Teils auf.<\/p>\n<p>Mit der optischen GOM-Messtechnik k\u00f6nnen Formen und Ma\u00dfe von Erzeugnissen oder ihren einzelnen Bauteilen genau \u00fcberwacht werden. Das anpassungsf\u00e4hige Messvolumen kann im Bereich von einigen Millimetern bis zu einigen Metern ausmachen. Messgenauigkeit betr\u00e4gt bis zu 0,005 mm (5 \u00b5m), bedingt durch die Gr\u00f6\u00dfe des betreffenden Gegenstandes. Das System erm\u00f6glicht:[\/vc_column_text]<div class=\"gap\" style=\"line-height: 30px; height: 30px;\"><\/div><div class=\"standard-arrow bullet-top\"><ul>\n<li>die \u00dcberwachung von Ma\u00dfen und Formen<\/li>\n<li>den Vergleich des Erzeugnisses mit dem CAD-Modell<\/li>\n<li>eine Analyse der Abweichungen zweier Produkte (z.B. der Kopie und des Originals)<\/li>\n<li>Optimierung und Abgleich mit schrittweiser \u00dcberpr\u00fcfung der Form sowie die Ermittlung von erforderlichen Korrekturen<\/li>\n<\/ul>\n<\/div>[\/vc_column][vc_column width=&#8220;1\/3&#8243;]<style type=\"text\/css\" data-type=\"the7_shortcodes-inline-css\">.shortcode-single-image-wrap.shortcode-single-image-f155b0d65856cb8373cee0709bce331d.enable-bg-rollover .rollover i,\n.shortcode-single-image-wrap.shortcode-single-image-f155b0d65856cb8373cee0709bce331d.enable-bg-rollover .rollover-video i {\n  background: -webkit-linear-gradient();\n  background: linear-gradient();\n}\n.shortcode-single-image-wrap.shortcode-single-image-f155b0d65856cb8373cee0709bce331d .rollover-icon {\n  font-size: 32px;\n  color: #ffffff;\n  min-width: 44px;\n  min-height: 44px;\n  line-height: 44px;\n  border-radius: 100px;\n  border-style: solid;\n  border-width: 0px;\n}\n.dt-icon-bg-on.shortcode-single-image-wrap.shortcode-single-image-f155b0d65856cb8373cee0709bce331d .rollover-icon {\n  background: rgba(255,255,255,0.3);\n  box-shadow: none;\n}\n<\/style><div class=\"shortcode-single-image-wrap shortcode-single-image-f155b0d65856cb8373cee0709bce331d alignleft  enable-bg-rollover dt-icon-bg-off\" style=\"margin-top:0px; margin-bottom:0px; margin-left:0px; margin-right:0px; width:270px;\"><div class=\"shortcode-single-image\"><div class=\"fancy-media-wrap\" style=\"\"><a class=\"layzr-bg rollover rollover-zoom dt-pswp-item pswp-image\" href=\"https:\/\/www.laserskirazreztisma.com\/wp-content\/uploads\/2014\/09\/meritve-laserskega-razreza.jpg\" title=\"\" data-dt-img-description=\"\" data-large_image_width=\"270\" data-large_image_height = \"0\"  style=\"\"><img class=\"lazy-load\" src=\"data:image\/svg+xml;charset=utf-8,%3Csvg xmlns%3D&#039;http%3A%2F%2Fwww.w3.org%2F2000%2Fsvg&#039; viewBox%3D&#039;0 0 270 0&#039;%2F%3E\" width=\"270\" dt-data-location=\"https:\/\/www.laserskirazreztisma.com\/wp-content\/uploads\/2014\/09\/meritve-laserskega-razreza.jpg\" data-srcset=\"https:\/\/www.laserskirazreztisma.com\/wp-content\/uploads\/2014\/09\/meritve-laserskega-razreza.jpg 270w\" data-src=\"https:\/\/www.laserskirazreztisma.com\/wp-content\/uploads\/2014\/09\/meritve-laserskega-razreza.jpg\" \/><\/a><\/div><\/div><\/div>[\/vc_column][\/vc_row][vc_row][vc_column width=&#8220;1\/1&#8243;]<div class=\"gap\" style=\"line-height: 30px; height: 30px;\"><\/div>[vc_text_separator title=&#8220;Messung 1&#8243; title_align=&#8220;separator_align_left&#8220; color=&#8220;pink&#8220; style=&#8220;double&#8220;]<div class=\"gap\" style=\"line-height: 30px; height: 30px;\"><\/div>[\/vc_column][\/vc_row][vc_row][vc_column width=&#8220;1\/2&#8243;]<div class=\"image-arrow list-divider bullet-top\"><ul>\n<li><strong>St\u00fcckbezeichnung:<\/strong> Sieb<\/li>\n<li><strong>St\u00e4rke:<\/strong> 3 mm<\/li>\n<li><strong>Art des Materials: <\/strong>St 37\u00a0 S235 JRG2<\/li>\n<li><strong>Schneidgas:Sauerstoff<\/strong><\/li>\n<li><strong>Au\u00dfenma\u00dfe des St\u00fccks: <\/strong>293 x 293 mm<\/li>\n<li><strong>Anzahl der sichtbaren Punkte: <\/strong>551<\/li>\n<li><strong>Anzahl der <\/strong><strong>aufgezeichneten Punkte:<\/strong>787<\/li>\n<li><strong>Anzahl der Dreiecke: <\/strong>460<\/li>\n<\/ul>\n<\/div>[\/vc_column][vc_column width=&#8220;1\/2&#8243;][vc_column_text]<\/p>\n\n\t\t\t<style type='text\/css'>\n\t\t\t\t#gallery-1 {\n\t\t\t\t\tmargin: auto;\n\t\t\t\t}\n\t\t\t\t#gallery-1 .gallery-item {\n\t\t\t\t\tfloat: left;\n\t\t\t\t\tmargin-top: 10px;\n\t\t\t\t\ttext-align: center;\n\t\t\t\t\twidth: 100%;\n\t\t\t\t}\n\t\t\t\t#gallery-1 img {\n\t\t\t\t\tborder: 2px solid #cfcfcf;\n\t\t\t\t}\n\t\t\t\t#gallery-1 .gallery-caption {\n\t\t\t\t\tmargin-left: 0;\n\t\t\t\t}\n\t\t\t\t\/* see gallery_shortcode() in wp-includes\/media.php *\/\n\t\t\t<\/style>\n\t\t<div id='gallery-1' class='dt-gallery-container gallery galleryid-301 gallery-columns-1 gallery-size-thumbnail'><dl class='gallery-item'>\n\t\t\t\t<dt class='gallery-icon landscape'>\n\t\t\t\t\t<a class=\"rollover rollover-zoom dt-pswp-item\" title=\"meritev-reseto\" data-dt-img-description=\"\" data-large_image_width=\"600\" data-large_image_height=\"600\"href='https:\/\/www.laserskirazreztisma.com\/wp-content\/uploads\/2014\/09\/meritev-reseto.jpg'><img width=\"150\" height=\"150\" src=\"https:\/\/www.laserskirazreztisma.com\/wp-content\/uploads\/2014\/09\/meritev-reseto-150x150.jpg\" class=\"attachment-thumbnail size-thumbnail\" alt=\"\" decoding=\"async\" loading=\"lazy\" srcset=\"https:\/\/www.laserskirazreztisma.com\/wp-content\/uploads\/2014\/09\/meritev-reseto-150x150.jpg 150w, https:\/\/www.laserskirazreztisma.com\/wp-content\/uploads\/2014\/09\/meritev-reseto-300x300.jpg 300w, https:\/\/www.laserskirazreztisma.com\/wp-content\/uploads\/2014\/09\/meritev-reseto.jpg 600w\" sizes=\"(max-width: 150px) 100vw, 150px\" \/><\/a>\n\t\t\t\t<\/dt><\/dl><br style=\"clear: both\" \/><dl class='gallery-item'>\n\t\t\t\t<dt class='gallery-icon landscape'>\n\t\t\t\t\t<a class=\"rollover rollover-zoom dt-pswp-item\" title=\"meritev-reseto2\" data-dt-img-description=\"\" data-large_image_width=\"800\" data-large_image_height=\"800\"href='https:\/\/www.laserskirazreztisma.com\/wp-content\/uploads\/2014\/09\/meritev-reseto2.jpg'><img width=\"150\" height=\"150\" src=\"https:\/\/www.laserskirazreztisma.com\/wp-content\/uploads\/2014\/09\/meritev-reseto2-150x150.jpg\" class=\"attachment-thumbnail size-thumbnail\" alt=\"\" decoding=\"async\" loading=\"lazy\" srcset=\"https:\/\/www.laserskirazreztisma.com\/wp-content\/uploads\/2014\/09\/meritev-reseto2-150x150.jpg 150w, https:\/\/www.laserskirazreztisma.com\/wp-content\/uploads\/2014\/09\/meritev-reseto2-300x300.jpg 300w, https:\/\/www.laserskirazreztisma.com\/wp-content\/uploads\/2014\/09\/meritev-reseto2.jpg 800w\" sizes=\"(max-width: 150px) 100vw, 150px\" \/><\/a>\n\t\t\t\t<\/dt><\/dl><br style=\"clear: both\" \/>\n\t\t\t<\/div>\n\n<p style=\"text-align: center;\">Abbildung: Analyse des St\u00fccks \u201aSieb\u2018 mit optischen Messungen<\/p>\n<p>[\/vc_column_text][\/vc_column][\/vc_row][vc_row][vc_column width=&#8220;1\/1&#8243;]<div class=\"gap\" style=\"line-height: 30px; height: 30px;\"><\/div>[vc_text_separator title=&#8220;Messung 2&#8243; title_align=&#8220;separator_align_left&#8220; color=&#8220;pink&#8220; style=&#8220;double&#8220;]<div class=\"gap\" style=\"line-height: 30px; height: 30px;\"><\/div>[\/vc_column][\/vc_row][vc_row][vc_column width=&#8220;1\/2&#8243;]<div class=\"image-arrow list-divider bullet-top\"><ul>\n<li><strong>St\u00fcckbezeichnung:<\/strong> Schlie\u00dfhebel<\/li>\n<li><strong>St\u00e4rke:<\/strong> 10 mm<\/li>\n<li><strong>Art des Materials: <\/strong>St 37\u00a0 S235 JRG2<\/li>\n<li><strong>Schneidgas:Sauerstoff<\/strong><\/li>\n<li><strong>Au\u00dfenma\u00dfe des St\u00fccks: 104<\/strong> x 116 mm<\/li>\n<li><strong>Anzahl der sichtbaren Punkte: 56.522<\/strong><\/li>\n<li><strong>Anzahl der <\/strong><strong>aufgezeichneten Punkte:<\/strong>540<\/li>\n<li><strong>Anzahl der Dreiecke: <\/strong>349<\/li>\n<\/ul>\n<\/div>[\/vc_column][vc_column width=&#8220;1\/2&#8243;][vc_column_text]<\/p>\n\n\t\t\t<style type='text\/css'>\n\t\t\t\t#gallery-2 {\n\t\t\t\t\tmargin: auto;\n\t\t\t\t}\n\t\t\t\t#gallery-2 .gallery-item {\n\t\t\t\t\tfloat: left;\n\t\t\t\t\tmargin-top: 10px;\n\t\t\t\t\ttext-align: center;\n\t\t\t\t\twidth: 100%;\n\t\t\t\t}\n\t\t\t\t#gallery-2 img {\n\t\t\t\t\tborder: 2px solid #cfcfcf;\n\t\t\t\t}\n\t\t\t\t#gallery-2 .gallery-caption {\n\t\t\t\t\tmargin-left: 0;\n\t\t\t\t}\n\t\t\t\t\/* see gallery_shortcode() in wp-includes\/media.php *\/\n\t\t\t<\/style>\n\t\t<div id='gallery-2' class='dt-gallery-container gallery galleryid-301 gallery-columns-1 gallery-size-thumbnail'><dl class='gallery-item'>\n\t\t\t\t<dt class='gallery-icon landscape'>\n\t\t\t\t\t<a class=\"rollover rollover-zoom dt-pswp-item\" title=\"zapiralna-rocica\" data-dt-img-description=\"\" data-large_image_width=\"600\" data-large_image_height=\"600\"href='https:\/\/www.laserskirazreztisma.com\/wp-content\/uploads\/2014\/09\/zapiralna-rocica1.jpg'><img width=\"150\" height=\"150\" src=\"https:\/\/www.laserskirazreztisma.com\/wp-content\/uploads\/2014\/09\/zapiralna-rocica1-150x150.jpg\" class=\"attachment-thumbnail size-thumbnail\" alt=\"\" decoding=\"async\" loading=\"lazy\" srcset=\"https:\/\/www.laserskirazreztisma.com\/wp-content\/uploads\/2014\/09\/zapiralna-rocica1-150x150.jpg 150w, https:\/\/www.laserskirazreztisma.com\/wp-content\/uploads\/2014\/09\/zapiralna-rocica1-300x300.jpg 300w, https:\/\/www.laserskirazreztisma.com\/wp-content\/uploads\/2014\/09\/zapiralna-rocica1.jpg 600w\" sizes=\"(max-width: 150px) 100vw, 150px\" \/><\/a>\n\t\t\t\t<\/dt><\/dl><br style=\"clear: both\" \/><dl class='gallery-item'>\n\t\t\t\t<dt class='gallery-icon landscape'>\n\t\t\t\t\t<a class=\"rollover rollover-zoom dt-pswp-item\" title=\"zapiralna-rocica2\" data-dt-img-description=\"\" data-large_image_width=\"800\" data-large_image_height=\"800\"href='https:\/\/www.laserskirazreztisma.com\/wp-content\/uploads\/2014\/09\/zapiralna-rocica2.jpg'><img width=\"150\" height=\"150\" src=\"https:\/\/www.laserskirazreztisma.com\/wp-content\/uploads\/2014\/09\/zapiralna-rocica2-150x150.jpg\" class=\"attachment-thumbnail size-thumbnail\" alt=\"\" decoding=\"async\" loading=\"lazy\" srcset=\"https:\/\/www.laserskirazreztisma.com\/wp-content\/uploads\/2014\/09\/zapiralna-rocica2-150x150.jpg 150w, https:\/\/www.laserskirazreztisma.com\/wp-content\/uploads\/2014\/09\/zapiralna-rocica2-300x300.jpg 300w, https:\/\/www.laserskirazreztisma.com\/wp-content\/uploads\/2014\/09\/zapiralna-rocica2.jpg 800w\" sizes=\"(max-width: 150px) 100vw, 150px\" \/><\/a>\n\t\t\t\t<\/dt><\/dl><br style=\"clear: both\" \/>\n\t\t\t<\/div>\n\n<p style=\"text-align: center;\">Abbildung: Analyse des St\u00fccks \u201aSchlie\u00dfhebel\u2018 mit optischen Messungen<\/p>\n<p>[\/vc_column_text]<div class=\"gap\" style=\"line-height: 20px; height: 20px;\"><\/div>[vc_column_text]<\/p>\n<p style=\"text-align: center;\">Die unteren zwei Abbildungen veranschaulichen den Querschnitt des St\u00fccks und die Abweichungen in der z-Ebene. Sie zeigen die Messung der Rechtwinkligkeit des Schnitts in der z-Ebene.<\/p>\n<p>[\/vc_column_text]<div class=\"gap\" style=\"line-height: 10px; height: 10px;\"><\/div>[vc_column_text]<\/p>\n\n\t\t\t<style type='text\/css'>\n\t\t\t\t#gallery-3 {\n\t\t\t\t\tmargin: auto;\n\t\t\t\t}\n\t\t\t\t#gallery-3 .gallery-item {\n\t\t\t\t\tfloat: left;\n\t\t\t\t\tmargin-top: 10px;\n\t\t\t\t\ttext-align: center;\n\t\t\t\t\twidth: 100%;\n\t\t\t\t}\n\t\t\t\t#gallery-3 img {\n\t\t\t\t\tborder: 2px solid #cfcfcf;\n\t\t\t\t}\n\t\t\t\t#gallery-3 .gallery-caption {\n\t\t\t\t\tmargin-left: 0;\n\t\t\t\t}\n\t\t\t\t\/* see gallery_shortcode() in wp-includes\/media.php *\/\n\t\t\t<\/style>\n\t\t<div id='gallery-3' class='dt-gallery-container gallery galleryid-301 gallery-columns-1 gallery-size-thumbnail'><dl class='gallery-item'>\n\t\t\t\t<dt class='gallery-icon landscape'>\n\t\t\t\t\t<a class=\"rollover rollover-zoom dt-pswp-item\" title=\"zapiralna-rocica3\" data-dt-img-description=\"\" data-large_image_width=\"800\" data-large_image_height=\"800\"href='https:\/\/www.laserskirazreztisma.com\/wp-content\/uploads\/2014\/09\/zapiralna-rocica3.jpg'><img width=\"150\" height=\"150\" src=\"https:\/\/www.laserskirazreztisma.com\/wp-content\/uploads\/2014\/09\/zapiralna-rocica3-150x150.jpg\" class=\"attachment-thumbnail size-thumbnail\" alt=\"\" decoding=\"async\" loading=\"lazy\" srcset=\"https:\/\/www.laserskirazreztisma.com\/wp-content\/uploads\/2014\/09\/zapiralna-rocica3-150x150.jpg 150w, https:\/\/www.laserskirazreztisma.com\/wp-content\/uploads\/2014\/09\/zapiralna-rocica3-300x300.jpg 300w, https:\/\/www.laserskirazreztisma.com\/wp-content\/uploads\/2014\/09\/zapiralna-rocica3.jpg 800w\" sizes=\"(max-width: 150px) 100vw, 150px\" \/><\/a>\n\t\t\t\t<\/dt><\/dl><br style=\"clear: both\" \/><dl class='gallery-item'>\n\t\t\t\t<dt class='gallery-icon landscape'>\n\t\t\t\t\t<a class=\"rollover rollover-zoom dt-pswp-item\" title=\"zapiralna-rocica4\" data-dt-img-description=\"\" data-large_image_width=\"800\" data-large_image_height=\"800\"href='https:\/\/www.laserskirazreztisma.com\/wp-content\/uploads\/2014\/09\/zapiralna-rocica4.jpg'><img width=\"150\" height=\"150\" src=\"https:\/\/www.laserskirazreztisma.com\/wp-content\/uploads\/2014\/09\/zapiralna-rocica4-150x150.jpg\" class=\"attachment-thumbnail size-thumbnail\" alt=\"\" decoding=\"async\" loading=\"lazy\" srcset=\"https:\/\/www.laserskirazreztisma.com\/wp-content\/uploads\/2014\/09\/zapiralna-rocica4-150x150.jpg 150w, https:\/\/www.laserskirazreztisma.com\/wp-content\/uploads\/2014\/09\/zapiralna-rocica4-300x300.jpg 300w, https:\/\/www.laserskirazreztisma.com\/wp-content\/uploads\/2014\/09\/zapiralna-rocica4.jpg 800w\" sizes=\"(max-width: 150px) 100vw, 150px\" \/><\/a>\n\t\t\t\t<\/dt><\/dl><br style=\"clear: both\" \/>\n\t\t\t<\/div>\n\n<p style=\"text-align: center;\">Abbildung: Analyse der Rechtwinkligkeit des Schnitts des St\u00fccks \u201aSchlie\u00dfhebel\u2018<\/p>\n<p>[\/vc_column_text][\/vc_column][\/vc_row]<\/p>\n<\/div>","protected":false},"excerpt":{"rendered":"<p>[vc_row][vc_column width=&#8220;2\/3&#8243;][vc_column_text]Wir bieten unseren Kunden auch optische 3D-Messungen an, um sich von der Schnittqualit\u00e4t zu \u00fcberzeugen. Nach Kundenwunsch f\u00fchren wir eine Messung durch und stellen ein Protokoll des zugeschnittenen Teils auf. Mit der optischen GOM-Messtechnik k\u00f6nnen Formen und Ma\u00dfe von Erzeugnissen oder ihren einzelnen Bauteilen genau \u00fcberwacht werden. Das anpassungsf\u00e4hige Messvolumen kann im Bereich von&hellip;<\/p>\n","protected":false},"author":2,"featured_media":0,"parent":291,"menu_order":0,"comment_status":"closed","ping_status":"closed","template":"","meta":{"footnotes":""},"_links":{"self":[{"href":"https:\/\/www.laserskirazreztisma.com\/de\/wp-json\/wp\/v2\/pages\/301"}],"collection":[{"href":"https:\/\/www.laserskirazreztisma.com\/de\/wp-json\/wp\/v2\/pages"}],"about":[{"href":"https:\/\/www.laserskirazreztisma.com\/de\/wp-json\/wp\/v2\/types\/page"}],"author":[{"embeddable":true,"href":"https:\/\/www.laserskirazreztisma.com\/de\/wp-json\/wp\/v2\/users\/2"}],"replies":[{"embeddable":true,"href":"https:\/\/www.laserskirazreztisma.com\/de\/wp-json\/wp\/v2\/comments?post=301"}],"version-history":[{"count":4,"href":"https:\/\/www.laserskirazreztisma.com\/de\/wp-json\/wp\/v2\/pages\/301\/revisions"}],"predecessor-version":[{"id":411,"href":"https:\/\/www.laserskirazreztisma.com\/de\/wp-json\/wp\/v2\/pages\/301\/revisions\/411"}],"up":[{"embeddable":true,"href":"https:\/\/www.laserskirazreztisma.com\/de\/wp-json\/wp\/v2\/pages\/291"}],"wp:attachment":[{"href":"https:\/\/www.laserskirazreztisma.com\/de\/wp-json\/wp\/v2\/media?parent=301"}],"curies":[{"name":"wp","href":"https:\/\/api.w.org\/{rel}","templated":true}]}}