{"id":297,"date":"2014-11-12T13:59:45","date_gmt":"2014-11-12T12:59:45","guid":{"rendered":"https:\/\/www.laserskirazreztisma.com\/?page_id=297"},"modified":"2014-11-12T14:01:51","modified_gmt":"2014-11-12T13:01:51","slug":"laserschneiden-von-blechen","status":"publish","type":"page","link":"https:\/\/www.laserskirazreztisma.com\/de\/leistungen\/laserschneiden-von-blechen\/","title":{"rendered":"Laserschneiden von Blechen"},"content":{"rendered":"<div class=\"wpb-content-wrapper\"><p>[vc_row][vc_column width=&#8220;1\/2&#8243;][vc_column_text]<strong>Laserschneiden<\/strong> hat die metallverarbeitende Industrie vollst\u00e4ndig ver\u00e4ndert und die herk\u00f6mmliche Technologien verdr\u00e4ngt. Laserschneiden von Blechen stellt derzeit einen der hochwertigsten Zuschnitte und wird von meisten technologisch entwickelten Unternehmen als Standard in ihrer Produktion verwendet. Somit geh\u00f6ren die Laser-Verarbeitungsverfahren zu den am meisten fortgeschrittenen Herstellungs- und Anfertigungsverfahren.<\/p>\n<p>&nbsp;<\/p>\n<p>Wir verf\u00fcgen \u00fcber modernste Laserschneidanlagen des weltweit f\u00fchrenden Herstellers von Laserschneidanlagen Trumpf.<\/p>\n<p><strong>Laserschneiden erfolgt auf folgenden Anlagen:<\/strong><\/p>\n<ul>\n<li>TruLaser 3030<\/li>\n<li>TruLaser 5040 Fiber<\/li>\n<\/ul>\n<p>Abmessungen: \u00a04000x2000mm<\/p>\n<p><strong>Bearbeitungsst\u00e4rke:<\/strong><\/p>\n<ul>\n<li>Stahl bis zu \u00a025 mm<\/li>\n<li>Rostfreier Stahl bis \u00a020 mm<\/li>\n<li>Aluminium bis zu \u00a020 mm<\/li>\n<li>Kupfer bis zu 10 mm<\/li>\n<li>Messing bis zu 10 mm<\/li>\n<\/ul>\n<p>[\/vc_column_text][\/vc_column][vc_column width=&#8220;1\/2&#8243;][vc_column_text]<\/p>\n\n\t\t\t<style type='text\/css'>\n\t\t\t\t#gallery-1 {\n\t\t\t\t\tmargin: auto;\n\t\t\t\t}\n\t\t\t\t#gallery-1 .gallery-item {\n\t\t\t\t\tfloat: left;\n\t\t\t\t\tmargin-top: 10px;\n\t\t\t\t\ttext-align: center;\n\t\t\t\t\twidth: 50%;\n\t\t\t\t}\n\t\t\t\t#gallery-1 img {\n\t\t\t\t\tborder: 2px solid #cfcfcf;\n\t\t\t\t}\n\t\t\t\t#gallery-1 .gallery-caption {\n\t\t\t\t\tmargin-left: 0;\n\t\t\t\t}\n\t\t\t\t\/* see gallery_shortcode() in wp-includes\/media.php *\/\n\t\t\t<\/style>\n\t\t<div id='gallery-1' class='dt-gallery-container gallery galleryid-297 gallery-columns-2 gallery-size-thumbnail'><dl class='gallery-item'>\n\t\t\t\t<dt class='gallery-icon landscape'>\n\t\t\t\t\t<a class=\"rollover rollover-zoom dt-pswp-item\" title=\"laserski-razrez (3)\" data-dt-img-description=\"\" data-large_image_width=\"1417\" data-large_image_height=\"1124\"href='https:\/\/www.laserskirazreztisma.com\/wp-content\/uploads\/2014\/09\/laserski-razrez-3.jpg'><img width=\"150\" height=\"150\" src=\"https:\/\/www.laserskirazreztisma.com\/wp-content\/uploads\/2014\/09\/laserski-razrez-3-150x150.jpg\" class=\"attachment-thumbnail size-thumbnail\" alt=\"\" decoding=\"async\" loading=\"lazy\" \/><\/a>\n\t\t\t\t<\/dt><\/dl><dl class='gallery-item'>\n\t\t\t\t<dt class='gallery-icon landscape'>\n\t\t\t\t\t<a class=\"rollover rollover-zoom dt-pswp-item\" title=\"laserski-razrez (1)\" data-dt-img-description=\"\" data-large_image_width=\"800\" data-large_image_height=\"580\"href='https:\/\/www.laserskirazreztisma.com\/wp-content\/uploads\/2014\/09\/laserski-razrez-1.jpg'><img width=\"150\" height=\"150\" src=\"https:\/\/www.laserskirazreztisma.com\/wp-content\/uploads\/2014\/09\/laserski-razrez-1-150x150.jpg\" class=\"attachment-thumbnail size-thumbnail\" alt=\"\" decoding=\"async\" loading=\"lazy\" \/><\/a>\n\t\t\t\t<\/dt><\/dl><br style=\"clear: both\" \/><dl class='gallery-item'>\n\t\t\t\t<dt class='gallery-icon landscape'>\n\t\t\t\t\t<a class=\"rollover rollover-zoom dt-pswp-item\" title=\"laserski-razrez (2)\" data-dt-img-description=\"\" data-large_image_width=\"1000\" data-large_image_height=\"764\"href='https:\/\/www.laserskirazreztisma.com\/wp-content\/uploads\/2014\/09\/laserski-razrez-2.jpg'><img width=\"150\" height=\"150\" src=\"https:\/\/www.laserskirazreztisma.com\/wp-content\/uploads\/2014\/09\/laserski-razrez-2-150x150.jpg\" class=\"attachment-thumbnail size-thumbnail\" alt=\"\" decoding=\"async\" loading=\"lazy\" \/><\/a>\n\t\t\t\t<\/dt><\/dl>\n\t\t\t\t<br style='clear: both' \/>\n\t\t\t<\/div>\n\n<p>[\/vc_column_text][\/vc_column][\/vc_row]<\/p>\n<\/div>","protected":false},"excerpt":{"rendered":"<p>[vc_row][vc_column width=&#8220;1\/2&#8243;][vc_column_text]Laserschneiden hat die metallverarbeitende Industrie vollst\u00e4ndig ver\u00e4ndert und die herk\u00f6mmliche Technologien verdr\u00e4ngt. Laserschneiden von Blechen stellt derzeit einen der hochwertigsten Zuschnitte und wird von meisten technologisch entwickelten Unternehmen als Standard in ihrer Produktion verwendet. Somit geh\u00f6ren die Laser-Verarbeitungsverfahren zu den am meisten fortgeschrittenen Herstellungs- und Anfertigungsverfahren. &nbsp; Wir verf\u00fcgen \u00fcber modernste Laserschneidanlagen des weltweit&hellip;<\/p>\n","protected":false},"author":2,"featured_media":0,"parent":291,"menu_order":0,"comment_status":"closed","ping_status":"closed","template":"","meta":{"footnotes":""},"_links":{"self":[{"href":"https:\/\/www.laserskirazreztisma.com\/de\/wp-json\/wp\/v2\/pages\/297"}],"collection":[{"href":"https:\/\/www.laserskirazreztisma.com\/de\/wp-json\/wp\/v2\/pages"}],"about":[{"href":"https:\/\/www.laserskirazreztisma.com\/de\/wp-json\/wp\/v2\/types\/page"}],"author":[{"embeddable":true,"href":"https:\/\/www.laserskirazreztisma.com\/de\/wp-json\/wp\/v2\/users\/2"}],"replies":[{"embeddable":true,"href":"https:\/\/www.laserskirazreztisma.com\/de\/wp-json\/wp\/v2\/comments?post=297"}],"version-history":[{"count":2,"href":"https:\/\/www.laserskirazreztisma.com\/de\/wp-json\/wp\/v2\/pages\/297\/revisions"}],"predecessor-version":[{"id":299,"href":"https:\/\/www.laserskirazreztisma.com\/de\/wp-json\/wp\/v2\/pages\/297\/revisions\/299"}],"up":[{"embeddable":true,"href":"https:\/\/www.laserskirazreztisma.com\/de\/wp-json\/wp\/v2\/pages\/291"}],"wp:attachment":[{"href":"https:\/\/www.laserskirazreztisma.com\/de\/wp-json\/wp\/v2\/media?parent=297"}],"curies":[{"name":"wp","href":"https:\/\/api.w.org\/{rel}","templated":true}]}}