{"id":294,"date":"2014-11-12T13:57:59","date_gmt":"2014-11-12T12:57:59","guid":{"rendered":"https:\/\/www.laserskirazreztisma.com\/?page_id=294"},"modified":"2014-11-12T13:57:59","modified_gmt":"2014-11-12T12:57:59","slug":"laserschneiden-von-rund-und-profilrohren","status":"publish","type":"page","link":"https:\/\/www.laserskirazreztisma.com\/de\/leistungen\/laserschneiden-von-rund-und-profilrohren\/","title":{"rendered":"Laserschneiden von Rund- und Profilrohren"},"content":{"rendered":"<div class=\"wpb-content-wrapper\"><p>[vc_row][vc_column width=&#8220;1\/2&#8243;][vc_column_text]Mit der Laserschneidanalge werden runde und rechteckige Rohre wunschgem\u00e4\u00df und pr\u00e4zise bearbeitet. M\u00f6glichkeiten wie Formenausschnitt, L\u00f6cher, Anschl\u00fcsse usw., erleichtern die weitere Bearbeitung und die Verbindung von Rohren, was wesentlich zur Senkung der Produktionskosten beitr\u00e4gt. Wir bieten das Schneiden von Rohren folgender Dimensionen:<\/p>\n<ul>\n<li>maximaler Durchmesser 414 mm<\/li>\n<li>minimaler Durchmesser 15 mm<\/li>\n<li>Produktl\u00e4nge bis 3.000 mm<\/li>\n<li>L\u00e4nge der bearbeitenden Rohre \u2013 unbeschr\u00e4nkt (Inneneinspannung)<\/li>\n<\/ul>\n<p>[\/vc_column_text][\/vc_column][vc_column width=&#8220;1\/2&#8243;][vc_column_text]<\/p>\n\n\t\t\t<style type='text\/css'>\n\t\t\t\t#gallery-1 {\n\t\t\t\t\tmargin: auto;\n\t\t\t\t}\n\t\t\t\t#gallery-1 .gallery-item {\n\t\t\t\t\tfloat: left;\n\t\t\t\t\tmargin-top: 10px;\n\t\t\t\t\ttext-align: center;\n\t\t\t\t\twidth: 50%;\n\t\t\t\t}\n\t\t\t\t#gallery-1 img {\n\t\t\t\t\tborder: 2px solid #cfcfcf;\n\t\t\t\t}\n\t\t\t\t#gallery-1 .gallery-caption {\n\t\t\t\t\tmargin-left: 0;\n\t\t\t\t}\n\t\t\t\t\/* see gallery_shortcode() in wp-includes\/media.php *\/\n\t\t\t<\/style>\n\t\t<div id='gallery-1' class='dt-gallery-container gallery galleryid-294 gallery-columns-2 gallery-size-thumbnail'><dl class='gallery-item'>\n\t\t\t\t<dt class='gallery-icon landscape'>\n\t\t\t\t\t<a class=\"rollover rollover-zoom dt-pswp-item\" title=\"cevi (4)\" data-dt-img-description=\"\" data-large_image_width=\"800\" data-large_image_height=\"588\"href='https:\/\/www.laserskirazreztisma.com\/wp-content\/uploads\/2014\/09\/cevi-4.jpg'><img width=\"150\" height=\"150\" src=\"https:\/\/www.laserskirazreztisma.com\/wp-content\/uploads\/2014\/09\/cevi-4-150x150.jpg\" class=\"attachment-thumbnail size-thumbnail\" alt=\"\" decoding=\"async\" loading=\"lazy\" \/><\/a>\n\t\t\t\t<\/dt><\/dl><dl class='gallery-item'>\n\t\t\t\t<dt class='gallery-icon landscape'>\n\t\t\t\t\t<a class=\"rollover rollover-zoom dt-pswp-item\" title=\"cevi (1)\" data-dt-img-description=\"\" data-large_image_width=\"700\" data-large_image_height=\"568\"href='https:\/\/www.laserskirazreztisma.com\/wp-content\/uploads\/2014\/09\/cevi-1.jpg'><img width=\"150\" height=\"150\" src=\"https:\/\/www.laserskirazreztisma.com\/wp-content\/uploads\/2014\/09\/cevi-1-150x150.jpg\" class=\"attachment-thumbnail size-thumbnail\" alt=\"\" decoding=\"async\" loading=\"lazy\" \/><\/a>\n\t\t\t\t<\/dt><\/dl><br style=\"clear: both\" \/><dl class='gallery-item'>\n\t\t\t\t<dt class='gallery-icon landscape'>\n\t\t\t\t\t<a class=\"rollover rollover-zoom dt-pswp-item\" title=\"cevi (2)\" data-dt-img-description=\"\" data-large_image_width=\"709\" data-large_image_height=\"630\"href='https:\/\/www.laserskirazreztisma.com\/wp-content\/uploads\/2014\/09\/cevi-2.jpg'><img width=\"150\" height=\"150\" src=\"https:\/\/www.laserskirazreztisma.com\/wp-content\/uploads\/2014\/09\/cevi-2-150x150.jpg\" class=\"attachment-thumbnail size-thumbnail\" alt=\"\" decoding=\"async\" loading=\"lazy\" \/><\/a>\n\t\t\t\t<\/dt><\/dl><dl class='gallery-item'>\n\t\t\t\t<dt class='gallery-icon landscape'>\n\t\t\t\t\t<a class=\"rollover rollover-zoom dt-pswp-item\" title=\"cevi (3)\" data-dt-img-description=\"\" data-large_image_width=\"800\" data-large_image_height=\"600\"href='https:\/\/www.laserskirazreztisma.com\/wp-content\/uploads\/2014\/09\/cevi-3.jpg'><img width=\"150\" height=\"150\" src=\"https:\/\/www.laserskirazreztisma.com\/wp-content\/uploads\/2014\/09\/cevi-3-150x150.jpg\" class=\"attachment-thumbnail size-thumbnail\" alt=\"\" decoding=\"async\" loading=\"lazy\" \/><\/a>\n\t\t\t\t<\/dt><\/dl><br style=\"clear: both\" \/>\n\t\t\t<\/div>\n\n<p>[\/vc_column_text][\/vc_column][\/vc_row]<\/p>\n<\/div>","protected":false},"excerpt":{"rendered":"<p>[vc_row][vc_column width=&#8220;1\/2&#8243;][vc_column_text]Mit der Laserschneidanalge werden runde und rechteckige Rohre wunschgem\u00e4\u00df und pr\u00e4zise bearbeitet. M\u00f6glichkeiten wie Formenausschnitt, L\u00f6cher, Anschl\u00fcsse usw., erleichtern die weitere Bearbeitung und die Verbindung von Rohren, was wesentlich zur Senkung der Produktionskosten beitr\u00e4gt. Wir bieten das Schneiden von Rohren folgender Dimensionen: maximaler Durchmesser 414 mm minimaler Durchmesser 15 mm Produktl\u00e4nge bis 3.000 mm&hellip;<\/p>\n","protected":false},"author":2,"featured_media":0,"parent":291,"menu_order":0,"comment_status":"closed","ping_status":"closed","template":"","meta":{"footnotes":""},"_links":{"self":[{"href":"https:\/\/www.laserskirazreztisma.com\/de\/wp-json\/wp\/v2\/pages\/294"}],"collection":[{"href":"https:\/\/www.laserskirazreztisma.com\/de\/wp-json\/wp\/v2\/pages"}],"about":[{"href":"https:\/\/www.laserskirazreztisma.com\/de\/wp-json\/wp\/v2\/types\/page"}],"author":[{"embeddable":true,"href":"https:\/\/www.laserskirazreztisma.com\/de\/wp-json\/wp\/v2\/users\/2"}],"replies":[{"embeddable":true,"href":"https:\/\/www.laserskirazreztisma.com\/de\/wp-json\/wp\/v2\/comments?post=294"}],"version-history":[{"count":1,"href":"https:\/\/www.laserskirazreztisma.com\/de\/wp-json\/wp\/v2\/pages\/294\/revisions"}],"predecessor-version":[{"id":295,"href":"https:\/\/www.laserskirazreztisma.com\/de\/wp-json\/wp\/v2\/pages\/294\/revisions\/295"}],"up":[{"embeddable":true,"href":"https:\/\/www.laserskirazreztisma.com\/de\/wp-json\/wp\/v2\/pages\/291"}],"wp:attachment":[{"href":"https:\/\/www.laserskirazreztisma.com\/de\/wp-json\/wp\/v2\/media?parent=294"}],"curies":[{"name":"wp","href":"https:\/\/api.w.org\/{rel}","templated":true}]}}