{"id":288,"date":"2014-11-12T13:50:54","date_gmt":"2014-11-12T12:50:54","guid":{"rendered":"https:\/\/www.laserskirazreztisma.com\/?page_id=288"},"modified":"2014-11-12T13:54:21","modified_gmt":"2014-11-12T12:54:21","slug":"unternehmen","status":"publish","type":"page","link":"https:\/\/www.laserskirazreztisma.com\/de\/unternehmen\/","title":{"rendered":"Unternehmen"},"content":{"rendered":"<div class=\"wpb-content-wrapper\"><p>[vc_row][vc_column width=&#8220;1\/1&#8243;][vc_column_text]Das <strong>Unternehmen Ti\u0161ma<\/strong> wurde 1991 gegr\u00fcndet. Durch den st\u00e4ndigen Wachstum und laufende Investitionen in die Fertigungsr\u00e4ume und Maschinenausr\u00fcstung wurden wir zu einem der sichtbarsten Unternehmen im Bereich der Laser-Blechbearbeitung. Auf <strong>20.000 m2<\/strong> Produktions- und Lagerfl\u00e4che verf\u00fcgen wir \u00fcber modernste Maschinen weltbekannter Hersteller, um ein Produkt nach den anspruchsvollsten Toleranzen und Kundenw\u00fcnschen anfertigen zu k\u00f6nnen. Unsere T\u00e4tigkeit erstreckt sich auch auf das Ausland, wo wir uns als verl\u00e4sslicher Gesch\u00e4ftspartner einen guten Namen erarbeitet konnten. Durch modernste technische L\u00f6sungen, auf Grund langj\u00e4hriger Erfahrung und mithilfe von hochqualifizierten Fachkr\u00e4ften werden wir den h\u00f6chsten Qualit\u00e4tsnormen gerecht.<\/p>\n<p>Die Bearbeitung von Blech in allm\u00f6glichen Formen und Materialen ist die zentrale S\u00e4ule des Unternehmens Ti\u0161ma, durchdrungen von einem Hauch Tradition, viel Fachwissen und Erfahrung. Produkte f\u00fcr das neue Jahrtausend, erschaffen mithilfe modernster Verarbeitungsverfahren und in Standardqualit\u00e4t, sind das Um und Auf unserer Fertigung. Denn wir sind es, die das Blech in Form bringen.[\/vc_column_text][\/vc_column][\/vc_row]<\/p>\n<\/div>","protected":false},"excerpt":{"rendered":"<p>[vc_row][vc_column width=&#8220;1\/1&#8243;][vc_column_text]Das Unternehmen Ti\u0161ma wurde 1991 gegr\u00fcndet. Durch den st\u00e4ndigen Wachstum und laufende Investitionen in die Fertigungsr\u00e4ume und Maschinenausr\u00fcstung wurden wir zu einem der sichtbarsten Unternehmen im Bereich der Laser-Blechbearbeitung. Auf 20.000 m2 Produktions- und Lagerfl\u00e4che verf\u00fcgen wir \u00fcber modernste Maschinen weltbekannter Hersteller, um ein Produkt nach den anspruchsvollsten Toleranzen und Kundenw\u00fcnschen anfertigen zu k\u00f6nnen.&hellip;<\/p>\n","protected":false},"author":2,"featured_media":0,"parent":0,"menu_order":0,"comment_status":"closed","ping_status":"closed","template":"","meta":{"footnotes":""},"_links":{"self":[{"href":"https:\/\/www.laserskirazreztisma.com\/de\/wp-json\/wp\/v2\/pages\/288"}],"collection":[{"href":"https:\/\/www.laserskirazreztisma.com\/de\/wp-json\/wp\/v2\/pages"}],"about":[{"href":"https:\/\/www.laserskirazreztisma.com\/de\/wp-json\/wp\/v2\/types\/page"}],"author":[{"embeddable":true,"href":"https:\/\/www.laserskirazreztisma.com\/de\/wp-json\/wp\/v2\/users\/2"}],"replies":[{"embeddable":true,"href":"https:\/\/www.laserskirazreztisma.com\/de\/wp-json\/wp\/v2\/comments?post=288"}],"version-history":[{"count":1,"href":"https:\/\/www.laserskirazreztisma.com\/de\/wp-json\/wp\/v2\/pages\/288\/revisions"}],"predecessor-version":[{"id":289,"href":"https:\/\/www.laserskirazreztisma.com\/de\/wp-json\/wp\/v2\/pages\/288\/revisions\/289"}],"wp:attachment":[{"href":"https:\/\/www.laserskirazreztisma.com\/de\/wp-json\/wp\/v2\/media?parent=288"}],"curies":[{"name":"wp","href":"https:\/\/api.w.org\/{rel}","templated":true}]}}