{"id":266,"date":"2014-11-12T13:22:38","date_gmt":"2014-11-12T12:22:38","guid":{"rendered":"https:\/\/www.laserskirazreztisma.com\/?page_id=266"},"modified":"2020-03-06T08:56:38","modified_gmt":"2020-03-06T07:56:38","slug":"startseite","status":"publish","type":"page","link":"https:\/\/www.laserskirazreztisma.com\/de\/","title":{"rendered":"Startseite"},"content":{"rendered":"<div class=\"wpb-content-wrapper\"><p>[vc_row][vc_column width=&#8220;1\/3&#8243;]<div class=\"dt-fancy-separator title-left h3-size style-disabled accent-title-color\" style=\"width: 100%;\"><div class=\"dt-fancy-title\"><span class=\"separator-holder separator-left\"><\/span>Laserschneiden<span class=\"separator-holder separator-right\"><\/span><\/div><\/div>[vc_empty_space height=&#8220;15px&#8220;][vc_column_text]<strong>Die preisg\u00fcnstigste Laser-Blechbearbeitung von h\u00f6chster Qualit\u00e4t!<\/strong><\/p>\n<p>Mit der richtigen Auswahl der Anlage f\u00fcr <strong>Laserschneiden von Materialien<\/strong> sorgen wir f\u00fcr die besten Ergebnisse bei den niedrigsten Kosten des Laserzuschnitts. Das Unternehmen Ti\u0161ma verf\u00fcgt \u00fcber CO2- und Fiber-Laserschneidanalgen, deren Kombination uns grenzenlose Freiheit beim Laserschneiden von Blechen erm\u00f6glicht. Wir bieten unseren Kunden eine breite Palette von Schneiden von Metallen wie Kupfer, Stahl, Aluminium, Messing, Edelstahlblech u.a.<\/p>\n<p>Mit viel Fachwissen und Erfahrung, die wir in den letzten 20 Jahren gewonnen haben, sorgen wir f\u00fcr die Zufriedenheit unserer Kunden.<\/p>\n<p>Flexibilit\u00e4t und kurze Lieferzeiten durch unseren optimierten Anlagen-Park sind der\u00a0 Hauptantrieb des Unternehmens Ti\u0161ma![\/vc_column_text][vc_empty_space height=&#8220;15px&#8220;]<a href=\"\/storitve\/laserski-razrez-plocevine\" class=\"btn-shortcode dt-btn-s dt-btn default-btn-color default-btn-hover-color default-btn-bg-color default-btn-bg-hover-color\" id=\"dt-btn-1\"><span>Mehr<\/span><\/a>[vc_empty_space height=&#8220;15px&#8220;]<div class=\"hr-thin style-line\" style=\"width: 100%;border-top-width: 1px;\"><\/div>[vc_empty_space height=&#8220;15px&#8220;]<div class=\"dt-fancy-separator title-left h3-size style-disabled accent-title-color\" style=\"width: 100%;\"><div class=\"dt-fancy-title\"><span class=\"separator-holder separator-left\"><\/span>Warum uns w\u00e4hlen<span class=\"separator-holder separator-right\"><\/span><\/div><\/div>[vc_empty_space height=&#8220;15px&#8220;][vc_accordion][vc_accordion_tab title=&#8220;Professionalit\u00e4t&#8220;][vc_column_text]Hochqualifizierte Fachkr\u00e4fte[\/vc_column_text][\/vc_accordion_tab][vc_accordion_tab title=&#8220;Genauigkeit&#8220;][vc_column_text]Wir erledigen unsere Arbeit genau und fehlerfrei nach den Kundenw\u00fcnschen.[\/vc_column_text][\/vc_accordion_tab][vc_accordion_tab title=&#8220;Zuverl\u00e4ssigkeit&#8220;][vc_column_text]Sie k\u00f6nnen sich an uns verlassen, denn wir halten immer die vereinbarten Fristen ein.[\/vc_column_text][\/vc_accordion_tab][\/vc_accordion][\/vc_column][vc_column width=&#8220;2\/3&#8243;][vc_row_inner][vc_column_inner width=&#8220;1\/1&#8243;][dt_benefits_vc columns=&#8220;2&#8243; style=&#8220;3&#8243; dividers=&#8220;true&#8220; image_background=&#8220;true&#8220; image_background_color=&#8220;#ffffff&#8220; target_blank=&#8220;false&#8220; header_size=&#8220;h1&#8243; content_size=&#8220;normal&#8220; number=&#8220;8&#8243; orderby=&#8220;date&#8220; order=&#8220;desc&#8220; animation=&#8220;none&#8220; category=&#8220;domov&#8220;][\/vc_column_inner][\/vc_row_inner][\/vc_column][\/vc_row]<\/p>\n<\/div>","protected":false},"excerpt":{"rendered":"<p>[vc_row][vc_column width=&#8220;1\/3&#8243;][vc_empty_space height=&#8220;15px&#8220;][vc_column_text]Die preisg\u00fcnstigste Laser-Blechbearbeitung von h\u00f6chster Qualit\u00e4t! Mit der richtigen Auswahl der Anlage f\u00fcr Laserschneiden von Materialien sorgen wir f\u00fcr die besten Ergebnisse bei den niedrigsten Kosten des Laserzuschnitts. Das Unternehmen Ti\u0161ma verf\u00fcgt \u00fcber CO2- und Fiber-Laserschneidanalgen, deren Kombination uns grenzenlose Freiheit beim Laserschneiden von Blechen erm\u00f6glicht. Wir bieten unseren Kunden eine breite Palette&hellip;<\/p>\n","protected":false},"author":2,"featured_media":0,"parent":0,"menu_order":0,"comment_status":"closed","ping_status":"closed","template":"","meta":{"footnotes":""},"_links":{"self":[{"href":"https:\/\/www.laserskirazreztisma.com\/de\/wp-json\/wp\/v2\/pages\/266"}],"collection":[{"href":"https:\/\/www.laserskirazreztisma.com\/de\/wp-json\/wp\/v2\/pages"}],"about":[{"href":"https:\/\/www.laserskirazreztisma.com\/de\/wp-json\/wp\/v2\/types\/page"}],"author":[{"embeddable":true,"href":"https:\/\/www.laserskirazreztisma.com\/de\/wp-json\/wp\/v2\/users\/2"}],"replies":[{"embeddable":true,"href":"https:\/\/www.laserskirazreztisma.com\/de\/wp-json\/wp\/v2\/comments?post=266"}],"version-history":[{"count":7,"href":"https:\/\/www.laserskirazreztisma.com\/de\/wp-json\/wp\/v2\/pages\/266\/revisions"}],"predecessor-version":[{"id":273,"href":"https:\/\/www.laserskirazreztisma.com\/de\/wp-json\/wp\/v2\/pages\/266\/revisions\/273"}],"wp:attachment":[{"href":"https:\/\/www.laserskirazreztisma.com\/de\/wp-json\/wp\/v2\/media?parent=266"}],"curies":[{"name":"wp","href":"https:\/\/api.w.org\/{rel}","templated":true}]}}